{"id":316,"date":"2021-05-21T09:58:28","date_gmt":"2021-05-21T09:58:28","guid":{"rendered":"https:\/\/clinicamurillo.com.co\/index.php\/services\/"},"modified":"2023-02-25T13:51:04","modified_gmt":"2023-02-25T13:51:04","slug":"services","status":"publish","type":"page","link":"https:\/\/clinicamurillo.com.co\/index.php\/services\/","title":{"rendered":"Services"},"content":{"rendered":"\t\t<div data-elementor-type=\"wp-page\" data-elementor-id=\"316\" class=\"elementor elementor-316\">\n\t\t\t\t\t\t\t\t\t<section class=\"elementor-section elementor-top-section elementor-element elementor-element-47117e6 elementor-section-boxed elementor-section-height-default elementor-section-height-default\" data-id=\"47117e6\" data-element_type=\"section\" data-settings=\"{&quot;background_background&quot;:&quot;classic&quot;}\">\n\t\t\t\t\t\t\t<div class=\"elementor-background-overlay\"><\/div>\n\t\t\t\t\t\t\t<div class=\"elementor-container elementor-column-gap-no\">\n\t\t\t\t\t<div class=\"elementor-column elementor-col-100 elementor-top-column elementor-element elementor-element-c5cbc28\" data-id=\"c5cbc28\" data-element_type=\"column\">\n\t\t\t<div class=\"elementor-widget-wrap elementor-element-populated\">\n\t\t\t\t\t\t\t\t<div class=\"elementor-element elementor-element-aff0c05 elementor-widget elementor-widget-heading\" data-id=\"aff0c05\" data-element_type=\"widget\" data-widget_type=\"heading.default\">\n\t\t\t\t<div class=\"elementor-widget-container\">\n\t\t\t<style>\/*! elementor - v3.12.0 - 29-03-2023 *\/\n.elementor-heading-title{padding:0;margin:0;line-height:1}.elementor-widget-heading .elementor-heading-title[class*=elementor-size-]>a{color:inherit;font-size:inherit;line-height:inherit}.elementor-widget-heading .elementor-heading-title.elementor-size-small{font-size:15px}.elementor-widget-heading .elementor-heading-title.elementor-size-medium{font-size:19px}.elementor-widget-heading .elementor-heading-title.elementor-size-large{font-size:29px}.elementor-widget-heading .elementor-heading-title.elementor-size-xl{font-size:39px}.elementor-widget-heading .elementor-heading-title.elementor-size-xxl{font-size:59px}<\/style><h2 class=\"elementor-heading-title elementor-size-default\">\u00bfQui\u00e9nes somos?<\/h2>\t\t<\/div>\n\t\t\t\t<\/div>\n\t\t\t\t\t<\/div>\n\t\t<\/div>\n\t\t\t\t\t\t\t<\/div>\n\t\t<\/section>\n\t\t\t\t<section class=\"elementor-section elementor-top-section elementor-element elementor-element-0c619f1 elementor-section-boxed elementor-section-height-default elementor-section-height-default\" data-id=\"0c619f1\" data-element_type=\"section\">\n\t\t\t\t\t\t<div class=\"elementor-container elementor-column-gap-default\">\n\t\t\t\t\t<div class=\"elementor-column elementor-col-100 elementor-top-column elementor-element elementor-element-09cf61d\" data-id=\"09cf61d\" data-element_type=\"column\">\n\t\t\t<div class=\"elementor-widget-wrap elementor-element-populated\">\n\t\t\t\t\t\t\t\t<div class=\"elementor-element elementor-element-e00da37 elementor-widget__width-initial elementor-view-stacked elementor-position-top elementor-vertical-align-middle elementor-shape-circle elementor-mobile-position-top elementor-widget elementor-widget-icon-box\" data-id=\"e00da37\" data-element_type=\"widget\" data-widget_type=\"icon-box.default\">\n\t\t\t\t<div class=\"elementor-widget-container\">\n\t\t\t<link rel=\"stylesheet\" href=\"https:\/\/clinicamurillo.com.co\/wp-content\/plugins\/elementor\/assets\/css\/widget-icon-box.min.css\">\t\t<div class=\"elementor-icon-box-wrapper\">\n\t\t\t\t\t\t<div class=\"elementor-icon-box-icon\">\n\t\t\t\t<a class=\"elementor-icon elementor-animation-\" href=\"#\">\n\t\t\t\t<i aria-hidden=\"true\" class=\"fas fa-history\"><\/i>\t\t\t\t<\/a>\n\t\t\t<\/div>\n\t\t\t\t\t\t<div class=\"elementor-icon-box-content\">\n\t\t\t\t<h5 class=\"elementor-icon-box-title\">\n\t\t\t\t\t<a href=\"#\" >\n\t\t\t\t\t\t\t\t\t\t\t<\/a>\n\t\t\t\t<\/h5>\n\t\t\t\t\t\t\t\t\t<p class=\"elementor-icon-box-description\">\n\t\t\t\t\t\tInverclinicas S.A.S \u2013 Cl\u00ednica Murillo es una instituci\u00f3n de mediana y alta complejidad creada con el \u00fanico prop\u00f3sito de trabajar para lograr el avance en la excelencia de la salud de la poblaci\u00f3n que habita en el sur de Barranquilla y en general de la Costa Caribe Colombiana.\n\nUbicados estrat\u00e9gica-mente en la zona sur de Barranquilla facilitamos el acceso a servicios de salud de mediana complejidad a las personas que habitan en esta zona y en los municipios aleda\u00f1os.\n\nOfrecemos a nuestros usuarios una instituci\u00f3n con infraestructura moderna, amplia, dotada con tecnolog\u00eda de punta y un equipo de m\u00e9dicos y profesionales de la salud, altamente competitivos y capaces de ofrecer el mejor servicio con altos est\u00e1ndares de calidad y atenci\u00f3n humanizada, con el fin de garantizar un diagn\u00f3stico oportuno y un tratamiento efectivo que beneficia al usuario, su familia y la comunidad.\n\nPorque Nuestra raz\u00f3n de ser son los pacientes, Su vida\u2026 es nuestra vida.\n\nLa Cl\u00ednica Murillo cuenta con el apoyo de una instituci\u00f3n de cuarto nivel que garantiza al usuario la asistencia inmediata, proporcion\u00e1ndole seguridad, tranquilidad y confianza de pertenecer como usuarios de nuestra organizaci\u00f3n.\t\t\t\t\t<\/p>\n\t\t\t\t\t\t\t<\/div>\n\t\t<\/div>\n\t\t\t\t<\/div>\n\t\t\t\t<\/div>\n\t\t\t\t<div class=\"elementor-element elementor-element-0d958dc elementor-vertical-align-middle elementor-widget__width-initial elementor-position-top elementor-widget elementor-widget-image-box\" data-id=\"0d958dc\" data-element_type=\"widget\" data-widget_type=\"image-box.default\">\n\t\t\t\t<div class=\"elementor-widget-container\">\n\t\t\t<style>\/*! elementor - v3.12.0 - 29-03-2023 *\/\n.elementor-widget-image-box .elementor-image-box-content{width:100%}@media (min-width:768px){.elementor-widget-image-box.elementor-position-left .elementor-image-box-wrapper,.elementor-widget-image-box.elementor-position-right .elementor-image-box-wrapper{display:flex}.elementor-widget-image-box.elementor-position-right .elementor-image-box-wrapper{text-align:right;flex-direction:row-reverse}.elementor-widget-image-box.elementor-position-left .elementor-image-box-wrapper{text-align:left;flex-direction:row}.elementor-widget-image-box.elementor-position-top .elementor-image-box-img{margin:auto}.elementor-widget-image-box.elementor-vertical-align-top .elementor-image-box-wrapper{align-items:flex-start}.elementor-widget-image-box.elementor-vertical-align-middle .elementor-image-box-wrapper{align-items:center}.elementor-widget-image-box.elementor-vertical-align-bottom .elementor-image-box-wrapper{align-items:flex-end}}@media (max-width:767px){.elementor-widget-image-box .elementor-image-box-img{margin-left:auto!important;margin-right:auto!important;margin-bottom:15px}}.elementor-widget-image-box .elementor-image-box-img{display:inline-block}.elementor-widget-image-box .elementor-image-box-title a{color:inherit}.elementor-widget-image-box .elementor-image-box-wrapper{text-align:center}.elementor-widget-image-box .elementor-image-box-description{margin:0}<\/style><div class=\"elementor-image-box-wrapper\"><figure class=\"elementor-image-box-img\"><img loading=\"lazy\" decoding=\"async\" width=\"225\" height=\"300\" src=\"https:\/\/clinicamurillo.com.co\/wp-content\/uploads\/2023\/02\/Img23-225x300-1.jpeg\" class=\"attachment-full size-full wp-image-1137\" alt=\"\" \/><\/figure><div class=\"elementor-image-box-content\"><h4 class=\"elementor-image-box-title\">Nuestra Visi\u00f3n<\/h4><p class=\"elementor-image-box-description\">\nSer conocidos en el 2025 en el sector salud como generados de servicios de excelencia con est\u00e1ndares m\u00e1ximos de calidad, de medio ambiente, seguridad y salud en el trabajo.<\/p><\/div><\/div>\t\t<\/div>\n\t\t\t\t<\/div>\n\t\t\t\t<div class=\"elementor-element elementor-element-3ca6eeb elementor-vertical-align-middle elementor-widget__width-initial elementor-position-top elementor-widget elementor-widget-image-box\" data-id=\"3ca6eeb\" data-element_type=\"widget\" data-widget_type=\"image-box.default\">\n\t\t\t\t<div class=\"elementor-widget-container\">\n\t\t\t<div class=\"elementor-image-box-wrapper\"><figure class=\"elementor-image-box-img\"><img loading=\"lazy\" decoding=\"async\" width=\"768\" height=\"576\" src=\"https:\/\/clinicamurillo.com.co\/wp-content\/uploads\/2023\/02\/Img22-768x576-1.jpeg\" class=\"attachment-full size-full wp-image-1136\" alt=\"\" srcset=\"https:\/\/clinicamurillo.com.co\/wp-content\/uploads\/2023\/02\/Img22-768x576-1.jpeg 768w, https:\/\/clinicamurillo.com.co\/wp-content\/uploads\/2023\/02\/Img22-768x576-1-300x225.jpeg 300w\" sizes=\"auto, (max-width: 768px) 100vw, 768px\" \/><\/figure><div class=\"elementor-image-box-content\"><h4 class=\"elementor-image-box-title\">Nuestra Misi\u00f3n<\/h4><p class=\"elementor-image-box-description\">Contribuir al bienestar de la comunidad del Sur-Oriente de Barranquilla a trav\u00e9s de la prestaci\u00f3n de servicios de salud humanizados, seguros e integral<\/p><\/div><\/div>\t\t<\/div>\n\t\t\t\t<\/div>\n\t\t\t\t\t<\/div>\n\t\t<\/div>\n\t\t\t\t\t\t\t<\/div>\n\t\t<\/section>\n\t\t\t\t<section class=\"elementor-section elementor-top-section elementor-element elementor-element-7b3268f elementor-section-boxed elementor-section-height-default elementor-section-height-default\" data-id=\"7b3268f\" data-element_type=\"section\">\n\t\t\t\t\t\t<div class=\"elementor-container elementor-column-gap-default\">\n\t\t\t\t\t<div class=\"elementor-column elementor-col-100 elementor-top-column elementor-element elementor-element-02739bd\" data-id=\"02739bd\" data-element_type=\"column\">\n\t\t\t<div class=\"elementor-widget-wrap elementor-element-populated\">\n\t\t\t\t\t\t\t\t<div class=\"elementor-element elementor-element-145e11b elementor-widget elementor-widget-heading\" data-id=\"145e11b\" data-element_type=\"widget\" data-widget_type=\"heading.default\">\n\t\t\t\t<div class=\"elementor-widget-container\">\n\t\t\t<h2 class=\"elementor-heading-title elementor-size-default\">Valores Institucionales<\/h2>\t\t<\/div>\n\t\t\t\t<\/div>\n\t\t\t\t<div class=\"elementor-element elementor-element-153fa71 elementor-vertical-align-middle elementor-widget__width-initial elementor-position-top elementor-widget elementor-widget-image-box\" data-id=\"153fa71\" data-element_type=\"widget\" data-widget_type=\"image-box.default\">\n\t\t\t\t<div class=\"elementor-widget-container\">\n\t\t\t<div class=\"elementor-image-box-wrapper\"><div class=\"elementor-image-box-content\"><h5 class=\"elementor-image-box-title\">Humildad <\/h5><p class=\"elementor-image-box-description\">Brindamos lo mejor de nosotros siendo bondadosos, sencillos, espont\u00e1neos en todas nuestras acciones.<\/p><\/div><\/div>\t\t<\/div>\n\t\t\t\t<\/div>\n\t\t\t\t<div class=\"elementor-element elementor-element-a8b90f9 elementor-vertical-align-middle elementor-widget__width-initial elementor-position-top elementor-widget elementor-widget-image-box\" data-id=\"a8b90f9\" data-element_type=\"widget\" data-widget_type=\"image-box.default\">\n\t\t\t\t<div class=\"elementor-widget-container\">\n\t\t\t<div class=\"elementor-image-box-wrapper\"><div class=\"elementor-image-box-content\"><h5 class=\"elementor-image-box-title\">Seguridad<\/h5><p class=\"elementor-image-box-description\">Promovemos el auto cuidado y nos preocupamos por minimizar el riesgo de ocasionar un evento adverso en el proceso de atenci\u00f3n.<\/p><\/div><\/div>\t\t<\/div>\n\t\t\t\t<\/div>\n\t\t\t\t<div class=\"elementor-element elementor-element-7faa3ef elementor-vertical-align-middle elementor-widget__width-initial elementor-position-top elementor-widget elementor-widget-image-box\" data-id=\"7faa3ef\" data-element_type=\"widget\" data-widget_type=\"image-box.default\">\n\t\t\t\t<div class=\"elementor-widget-container\">\n\t\t\t<div class=\"elementor-image-box-wrapper\"><div class=\"elementor-image-box-content\"><h5 class=\"elementor-image-box-title\">Calidad en el Servicio<\/h5><p class=\"elementor-image-box-description\">Orientamos nuestros esfuerzos al cumplimiento de los requisitos del cliente, buscando el mejoramiento continuo.<\/p><\/div><\/div>\t\t<\/div>\n\t\t\t\t<\/div>\n\t\t\t\t<div class=\"elementor-element elementor-element-da464f5 elementor-vertical-align-middle elementor-widget__width-initial elementor-position-top elementor-widget elementor-widget-image-box\" data-id=\"da464f5\" data-element_type=\"widget\" data-widget_type=\"image-box.default\">\n\t\t\t\t<div class=\"elementor-widget-container\">\n\t\t\t<div class=\"elementor-image-box-wrapper\"><div class=\"elementor-image-box-content\"><h5 class=\"elementor-image-box-title\">Excelencia Personal<\/h5><p class=\"elementor-image-box-description\">Nos motiva el compromiso de mejorar cada d\u00eda lo que hacemos y el deseo de vencer las dificultades que se presentan<\/p><\/div><\/div>\t\t<\/div>\n\t\t\t\t<\/div>\n\t\t\t\t<div class=\"elementor-element elementor-element-0dc290c elementor-vertical-align-middle elementor-widget__width-initial elementor-position-top elementor-widget elementor-widget-image-box\" data-id=\"0dc290c\" data-element_type=\"widget\" data-widget_type=\"image-box.default\">\n\t\t\t\t<div class=\"elementor-widget-container\">\n\t\t\t<div class=\"elementor-image-box-wrapper\"><div class=\"elementor-image-box-content\"><h5 class=\"elementor-image-box-title\">Compromiso<\/h5><p class=\"elementor-image-box-description\">Nos identificamos con nuestra organizaci\u00f3n y sus metas, las apropiamos y nos motivamos a lograrlas con un alto sentido de pertenencia. <\/p><\/div><\/div>\t\t<\/div>\n\t\t\t\t<\/div>\n\t\t\t\t\t<\/div>\n\t\t<\/div>\n\t\t\t\t\t\t\t<\/div>\n\t\t<\/section>\n\t\t\t\t\t\t\t<\/div>\n\t\t","protected":false},"excerpt":{"rendered":"<p>\u00bfQui\u00e9nes somos? Inverclinicas S.A.S \u2013 Cl\u00ednica Murillo es una instituci\u00f3n de mediana y alta complejidad creada con el \u00fanico prop\u00f3sito de trabajar para lograr el avance en la excelencia de la salud de la poblaci\u00f3n que habita en el sur de Barranquilla y en general de la Costa Caribe Colombiana. Ubicados estrat\u00e9gica-mente en la zona &hellip;<\/p>\n<p class=\"read-more\"> <a class=\"\" href=\"https:\/\/clinicamurillo.com.co\/index.php\/services\/\"> <span class=\"screen-reader-text\">Services<\/span> Leer m\u00e1s \u00bb<\/a><\/p>\n","protected":false},"author":1,"featured_media":0,"parent":0,"menu_order":0,"comment_status":"closed","ping_status":"closed","template":"","meta":{"_monsterinsights_skip_tracking":false,"_monsterinsights_sitenote_active":false,"_monsterinsights_sitenote_note":"","_monsterinsights_sitenote_category":0,"site-sidebar-layout":"no-sidebar","site-content-layout":"page-builder","ast-global-header-display":"","ast-main-header-display":"","ast-hfb-above-header-display":"","ast-hfb-below-header-display":"","ast-hfb-mobile-header-display":"","site-post-title":"disabled","ast-breadcrumbs-content":"disabled","ast-featured-img":"disabled","footer-sml-layout":"","theme-transparent-header-meta":"enabled","adv-header-id-meta":"","stick-header-meta":"","header-above-stick-meta":"","header-main-stick-meta":"","header-below-stick-meta":"","footnotes":""},"class_list":["post-316","page","type-page","status-publish","hentry"],"_links":{"self":[{"href":"https:\/\/clinicamurillo.com.co\/index.php\/wp-json\/wp\/v2\/pages\/316","targetHints":{"allow":["GET"]}}],"collection":[{"href":"https:\/\/clinicamurillo.com.co\/index.php\/wp-json\/wp\/v2\/pages"}],"about":[{"href":"https:\/\/clinicamurillo.com.co\/index.php\/wp-json\/wp\/v2\/types\/page"}],"author":[{"embeddable":true,"href":"https:\/\/clinicamurillo.com.co\/index.php\/wp-json\/wp\/v2\/users\/1"}],"replies":[{"embeddable":true,"href":"https:\/\/clinicamurillo.com.co\/index.php\/wp-json\/wp\/v2\/comments?post=316"}],"version-history":[{"count":0,"href":"https:\/\/clinicamurillo.com.co\/index.php\/wp-json\/wp\/v2\/pages\/316\/revisions"}],"wp:attachment":[{"href":"https:\/\/clinicamurillo.com.co\/index.php\/wp-json\/wp\/v2\/media?parent=316"}],"curies":[{"name":"wp","href":"https:\/\/api.w.org\/{rel}","templated":true}]}}