{"id":1293,"date":"2023-02-27T14:51:13","date_gmt":"2023-02-27T14:51:13","guid":{"rendered":"https:\/\/clinicamurillo.com.co\/?page_id=1293"},"modified":"2023-02-27T15:08:46","modified_gmt":"2023-02-27T15:08:46","slug":"nuestros-servicios","status":"publish","type":"page","link":"https:\/\/clinicamurillo.com.co\/index.php\/nuestros-servicios\/","title":{"rendered":"Nuestros servicios"},"content":{"rendered":"\t\t<div data-elementor-type=\"wp-page\" data-elementor-id=\"1293\" class=\"elementor elementor-1293\">\n\t\t\t\t\t\t\t\t\t<section class=\"elementor-section elementor-top-section elementor-element elementor-element-d53692f elementor-section-boxed elementor-section-height-default elementor-section-height-default\" data-id=\"d53692f\" data-element_type=\"section\" data-settings=\"{&quot;background_background&quot;:&quot;classic&quot;}\">\n\t\t\t\t\t\t<div class=\"elementor-container elementor-column-gap-no\">\n\t\t\t\t\t<div class=\"elementor-column elementor-col-100 elementor-top-column elementor-element elementor-element-88f52b1\" data-id=\"88f52b1\" data-element_type=\"column\">\n\t\t\t<div class=\"elementor-widget-wrap elementor-element-populated\">\n\t\t\t\t\t\t\t\t<div class=\"elementor-element elementor-element-96871b9 elementor-widget elementor-widget-heading\" data-id=\"96871b9\" data-element_type=\"widget\" data-widget_type=\"heading.default\">\n\t\t\t\t<div class=\"elementor-widget-container\">\n\t\t\t<style>\/*! elementor - v3.12.0 - 29-03-2023 *\/\n.elementor-heading-title{padding:0;margin:0;line-height:1}.elementor-widget-heading .elementor-heading-title[class*=elementor-size-]>a{color:inherit;font-size:inherit;line-height:inherit}.elementor-widget-heading .elementor-heading-title.elementor-size-small{font-size:15px}.elementor-widget-heading .elementor-heading-title.elementor-size-medium{font-size:19px}.elementor-widget-heading .elementor-heading-title.elementor-size-large{font-size:29px}.elementor-widget-heading .elementor-heading-title.elementor-size-xl{font-size:39px}.elementor-widget-heading .elementor-heading-title.elementor-size-xxl{font-size:59px}<\/style><h2 class=\"elementor-heading-title elementor-size-default\">Nuestros servicios<\/h2>\t\t<\/div>\n\t\t\t\t<\/div>\n\t\t\t\t\t<\/div>\n\t\t<\/div>\n\t\t\t\t\t\t\t<\/div>\n\t\t<\/section>\n\t\t\t\t<section class=\"elementor-section elementor-top-section elementor-element elementor-element-303dd60 elementor-section-boxed elementor-section-height-default elementor-section-height-default\" data-id=\"303dd60\" data-element_type=\"section\" data-settings=\"{&quot;background_background&quot;:&quot;classic&quot;}\">\n\t\t\t\t\t\t\t<div class=\"elementor-background-overlay\"><\/div>\n\t\t\t\t\t\t\t<div class=\"elementor-container elementor-column-gap-no\">\n\t\t\t\t\t<div class=\"elementor-column elementor-col-100 elementor-top-column elementor-element elementor-element-1d5ff8d\" data-id=\"1d5ff8d\" data-element_type=\"column\">\n\t\t\t<div class=\"elementor-widget-wrap elementor-element-populated\">\n\t\t\t\t\t\t\t\t<div class=\"elementor-element elementor-element-69540fd elementor-widget__width-initial elementor-widget-mobile__width-inherit elementor-view-stacked elementor-shape-circle elementor-mobile-position-top elementor-vertical-align-top elementor-invisible elementor-widget elementor-widget-icon-box\" data-id=\"69540fd\" data-element_type=\"widget\" data-settings=\"{&quot;_animation&quot;:&quot;fadeInDown&quot;}\" data-widget_type=\"icon-box.default\">\n\t\t\t\t<div class=\"elementor-widget-container\">\n\t\t\t<link rel=\"stylesheet\" href=\"https:\/\/clinicamurillo.com.co\/wp-content\/plugins\/elementor\/assets\/css\/widget-icon-box.min.css\">\t\t<div class=\"elementor-icon-box-wrapper\">\n\t\t\t\t\t\t<div class=\"elementor-icon-box-icon\">\n\t\t\t\t<span class=\"elementor-icon elementor-animation-\" >\n\t\t\t\t<i aria-hidden=\"true\" class=\"fas fa-list\"><\/i>\t\t\t\t<\/span>\n\t\t\t<\/div>\n\t\t\t\t\t\t<div class=\"elementor-icon-box-content\">\n\t\t\t\t<h5 class=\"elementor-icon-box-title\">\n\t\t\t\t\t<span  >\n\t\t\t\t\t\tNuestros servicios\t\t\t\t\t<\/span>\n\t\t\t\t<\/h5>\n\t\t\t\t\t\t\t\t\t<p class=\"elementor-icon-box-description\">\n\t\t\t\t\t\tServicios hospitalarios de mediana y alta complejidad, unidades de cuidado cr\u00edticos adultos, pedi\u00e1trico y neonatal, Servicio de hospitalizaci\u00f3n de III nivel, Urgencia, y Cirug\u00eda:\t\t\t\t\t<\/p>\n\t\t\t\t\t\t\t<\/div>\n\t\t<\/div>\n\t\t\t\t<\/div>\n\t\t\t\t<\/div>\n\t\t\t\t<div class=\"elementor-element elementor-element-06ac430 elementor-widget__width-initial elementor-widget-mobile__width-inherit elementor-view-stacked elementor-shape-circle elementor-mobile-position-top elementor-vertical-align-top elementor-invisible elementor-widget elementor-widget-icon-box\" data-id=\"06ac430\" data-element_type=\"widget\" data-settings=\"{&quot;_animation&quot;:&quot;fadeInDown&quot;}\" data-widget_type=\"icon-box.default\">\n\t\t\t\t<div class=\"elementor-widget-container\">\n\t\t\t\t\t<div class=\"elementor-icon-box-wrapper\">\n\t\t\t\t\t\t<div class=\"elementor-icon-box-icon\">\n\t\t\t\t<span class=\"elementor-icon elementor-animation-\" >\n\t\t\t\t<i aria-hidden=\"true\" class=\"fas fa-list\"><\/i>\t\t\t\t<\/span>\n\t\t\t<\/div>\n\t\t\t\t\t\t<div class=\"elementor-icon-box-content\">\n\t\t\t\t<h5 class=\"elementor-icon-box-title\">\n\t\t\t\t\t<span  >\n\t\t\t\t\t\tSERVICIOS DE CIRUG\u00cdA DE MEDIANA Y ALTA COMPLEJIDAD\t\t\t\t\t<\/span>\n\t\t\t\t<\/h5>\n\t\t\t\t\t\t\t\t\t<p class=\"elementor-icon-box-description\">\n\t\t\t\t\t\tEl \u00e1rea de quir\u00f3fanos de la Cl\u00ednica Murillo cuenta con 4 salas de cirug\u00eda, distribuidas para la realizaci\u00f3n de procedimientos quir\u00fargicos en las siguientes especialidades:\n\n<br \/><br \/>\n<b>CIRUGIAS<\/b>\n\n<ul>\n    <li>Cirug\u00eda general<\/li>\n    <li>Cirug\u00eda pedi\u00e1trica<\/li>\n    <li>Cirug\u00eda ginecosbtetrica<\/li>\n    <li>Cirug\u00eda ortop\u00e9dica<\/li>\n    <li>Neurocirug\u00eda<\/li>\n    <li>Urolog\u00eda<\/li>\n<\/ul>\t\t\t\t\t<\/p>\n\t\t\t\t\t\t\t<\/div>\n\t\t<\/div>\n\t\t\t\t<\/div>\n\t\t\t\t<\/div>\n\t\t\t\t<div class=\"elementor-element elementor-element-bb45b96 elementor-widget__width-initial elementor-widget-mobile__width-inherit elementor-view-stacked elementor-shape-circle elementor-mobile-position-top elementor-vertical-align-top elementor-invisible elementor-widget elementor-widget-icon-box\" data-id=\"bb45b96\" data-element_type=\"widget\" data-settings=\"{&quot;_animation&quot;:&quot;fadeInDown&quot;}\" data-widget_type=\"icon-box.default\">\n\t\t\t\t<div class=\"elementor-widget-container\">\n\t\t\t\t\t<div class=\"elementor-icon-box-wrapper\">\n\t\t\t\t\t\t<div class=\"elementor-icon-box-icon\">\n\t\t\t\t<span class=\"elementor-icon elementor-animation-\" >\n\t\t\t\t<i aria-hidden=\"true\" class=\"fas fa-list\"><\/i>\t\t\t\t<\/span>\n\t\t\t<\/div>\n\t\t\t\t\t\t<div class=\"elementor-icon-box-content\">\n\t\t\t\t<h5 class=\"elementor-icon-box-title\">\n\t\t\t\t\t<span  >\n\t\t\t\t\t\tSERVICIO DE URGENCIAS: ATENCI\u00d3N 24 HORAS\t\t\t\t\t<\/span>\n\t\t\t\t<\/h5>\n\t\t\t\t\t\t\t\t\t<p class=\"elementor-icon-box-description\">\n\t\t\t\t\t\t<ul>\n    <li>Disponibilidad de cuatro (4) consultorios de medicina general y un (1) consultorio de ginecolog\u00eda para la\n        atenci\u00f3n de urgencias.<\/li>\n    <li>Una (1) sala de Reanimaci\u00f3n con capacidad de dos (2) camas completamente dotadas para atenci\u00f3n del usuario en\n        estado cr\u00edtico.<\/li>\n    <li>Sala de observaci\u00f3n con capacidad para diecis\u00e9is (16) camillas y tres (3) cama cunas.<\/li>\n    <li>Sala de aislados<\/li>\n    <li>Sala para la colocaci\u00f3n y retiro de yesos.<\/li>\n    <li>Sala de procedimientos menores.<\/li>\n    <li>Sala de terapia respiratoria.<\/li>\n    <li>Farmacia 24 horas.<\/li>\n<\/ul>\t\t\t\t\t<\/p>\n\t\t\t\t\t\t\t<\/div>\n\t\t<\/div>\n\t\t\t\t<\/div>\n\t\t\t\t<\/div>\n\t\t\t\t<div class=\"elementor-element elementor-element-8ac6a3f elementor-widget__width-initial elementor-widget-mobile__width-inherit elementor-view-stacked elementor-shape-circle elementor-mobile-position-top elementor-vertical-align-top elementor-invisible elementor-widget elementor-widget-icon-box\" data-id=\"8ac6a3f\" data-element_type=\"widget\" data-settings=\"{&quot;_animation&quot;:&quot;fadeInDown&quot;}\" data-widget_type=\"icon-box.default\">\n\t\t\t\t<div class=\"elementor-widget-container\">\n\t\t\t\t\t<div class=\"elementor-icon-box-wrapper\">\n\t\t\t\t\t\t<div class=\"elementor-icon-box-icon\">\n\t\t\t\t<span class=\"elementor-icon elementor-animation-\" >\n\t\t\t\t<i aria-hidden=\"true\" class=\"fas fa-list\"><\/i>\t\t\t\t<\/span>\n\t\t\t<\/div>\n\t\t\t\t\t\t<div class=\"elementor-icon-box-content\">\n\t\t\t\t<h5 class=\"elementor-icon-box-title\">\n\t\t\t\t\t<span  >\n\t\t\t\t\t\tSERVICIO DE HOSPITALIZACI\u00d3N\t\t\t\t\t<\/span>\n\t\t\t\t<\/h5>\n\t\t\t\t\t\t\t\t\t<p class=\"elementor-icon-box-description\">\n\t\t\t\t\t\tNuestra Cl\u00ednica cuenta con una infraestructura hospitalaria, dise\u00f1ada especialmente para ofrecer al usuario comodidad, confort y un ambiente c\u00e1lido durante la estancia en la instituci\u00f3n, acompa\u00f1ado de una atenci\u00f3n id\u00f3nea y amable brindada por nuestro cuerpo m\u00e9dico y asistencial.Contamos con la disponibilidad de 69 camas dotadas de toda la tecnolog\u00eda necesaria para la atenci\u00f3n integral y especializada del paciente. En Hospitalizaci\u00f3n contamos con dos tipos de habitaciones: \n<br \/><br \/>\n<ul>\n    <li>13 Habitaciones Bipersonales.<\/li>\n    <li>41 Habitaciones Individuales.<\/li>\n<\/ul>\t\t\t\t\t<\/p>\n\t\t\t\t\t\t\t<\/div>\n\t\t<\/div>\n\t\t\t\t<\/div>\n\t\t\t\t<\/div>\n\t\t\t\t<div class=\"elementor-element elementor-element-063e03f elementor-widget__width-initial elementor-widget-mobile__width-inherit elementor-view-stacked elementor-shape-circle elementor-mobile-position-top elementor-vertical-align-top elementor-invisible elementor-widget elementor-widget-icon-box\" data-id=\"063e03f\" data-element_type=\"widget\" data-settings=\"{&quot;_animation&quot;:&quot;fadeInDown&quot;}\" data-widget_type=\"icon-box.default\">\n\t\t\t\t<div class=\"elementor-widget-container\">\n\t\t\t\t\t<div class=\"elementor-icon-box-wrapper\">\n\t\t\t\t\t\t<div class=\"elementor-icon-box-icon\">\n\t\t\t\t<span class=\"elementor-icon elementor-animation-\" >\n\t\t\t\t<i aria-hidden=\"true\" class=\"fas fa-list\"><\/i>\t\t\t\t<\/span>\n\t\t\t<\/div>\n\t\t\t\t\t\t<div class=\"elementor-icon-box-content\">\n\t\t\t\t<h5 class=\"elementor-icon-box-title\">\n\t\t\t\t\t<span  >\n\t\t\t\t\t\tUNIDADES DE CUIDADOS INTENSIVOS\t\t\t\t\t<\/span>\n\t\t\t\t<\/h5>\n\t\t\t\t\t\t\t\t\t<p class=\"elementor-icon-box-description\">\n\t\t\t\t\t\tNuestras unidades de Cuidados Intensivos est\u00e1n dotadas con la mejor tecnolog\u00eda de punta para el bienestar y cuidado de los usuarios. <b> UNIDAD DE CUIDADO INTENSIVO <\/b> ADULTO Dispone de nueve (9) camas de cuidados polivalentes, que cuentan con: \n\n<ul>\n    <li>Monitoreo continuo invasivo y no invasivo, con tecnolog\u00eda de punta- Telemetr\u00eda y directo.<\/li>\n    <li>9 ventiladores mec\u00e1nicos de \u00faltima generaci\u00f3n.<\/li>\n    <li>Soporte multisistemico y transdisciplinario en salud en todas las \u00e1reas del nivel de complejidad.<\/li>\n    <li>contamos con capacidad de realizar hemodi\u00e1lisis en los cub\u00edculos, con un convenio interinstitucional<\/li>\n<\/ul>\n\n<b>UNIDAD DE CUIDADO INTENSIVO PEDI\u00c1TRICO<\/b> <br\/>\nEsta Unidad dispone de una (1) cama equipada con el recurso de tecnolog\u00eda requerido y soportado por un equipo de salud debidamente entrenado. <br \/>\n\n<b>UNIDAD DE CUIDADO INTENSIVO NEONATAL<\/b> <br\/><br\/>\nDispone de Cub\u00edculos individuales e independientes distribuidos as\u00ed:\n\n<ul>\n    <li>Cuidados Intensivos 5<\/li>\n    <li>Cuidado Intermedio 6<\/li>\n    <li>Cuidados b\u00e1sicos\/ incubadoras 5<\/li>\n<\/ul>\t\t\t\t\t<\/p>\n\t\t\t\t\t\t\t<\/div>\n\t\t<\/div>\n\t\t\t\t<\/div>\n\t\t\t\t<\/div>\n\t\t\t\t\t<\/div>\n\t\t<\/div>\n\t\t\t\t\t\t\t<\/div>\n\t\t<\/section>\n\t\t\t\t\t\t\t<\/div>\n\t\t","protected":false},"excerpt":{"rendered":"<p>Nuestros servicios Nuestros servicios Servicios hospitalarios de mediana y alta complejidad, unidades de cuidado cr\u00edticos adultos, pedi\u00e1trico y neonatal, Servicio de hospitalizaci\u00f3n de III nivel, Urgencia, y Cirug\u00eda: SERVICIOS DE CIRUG\u00cdA DE MEDIANA Y ALTA COMPLEJIDAD El \u00e1rea de quir\u00f3fanos de la Cl\u00ednica Murillo cuenta con 4 salas de cirug\u00eda, distribuidas para la realizaci\u00f3n de &hellip;<\/p>\n<p class=\"read-more\"> <a class=\"\" href=\"https:\/\/clinicamurillo.com.co\/index.php\/nuestros-servicios\/\"> <span class=\"screen-reader-text\">Nuestros servicios<\/span> Leer m\u00e1s \u00bb<\/a><\/p>\n","protected":false},"author":1,"featured_media":0,"parent":0,"menu_order":0,"comment_status":"closed","ping_status":"closed","template":"elementor_header_footer","meta":{"_monsterinsights_skip_tracking":false,"_monsterinsights_sitenote_active":false,"_monsterinsights_sitenote_note":"","_monsterinsights_sitenote_category":0,"site-sidebar-layout":"no-sidebar","site-content-layout":"page-builder","ast-global-header-display":"","ast-main-header-display":"","ast-hfb-above-header-display":"","ast-hfb-below-header-display":"","ast-hfb-mobile-header-display":"","site-post-title":"disabled","ast-breadcrumbs-content":"","ast-featured-img":"disabled","footer-sml-layout":"","theme-transparent-header-meta":"","adv-header-id-meta":"","stick-header-meta":"","header-above-stick-meta":"","header-main-stick-meta":"","header-below-stick-meta":"","footnotes":""},"class_list":["post-1293","page","type-page","status-publish","hentry"],"_links":{"self":[{"href":"https:\/\/clinicamurillo.com.co\/index.php\/wp-json\/wp\/v2\/pages\/1293","targetHints":{"allow":["GET"]}}],"collection":[{"href":"https:\/\/clinicamurillo.com.co\/index.php\/wp-json\/wp\/v2\/pages"}],"about":[{"href":"https:\/\/clinicamurillo.com.co\/index.php\/wp-json\/wp\/v2\/types\/page"}],"author":[{"embeddable":true,"href":"https:\/\/clinicamurillo.com.co\/index.php\/wp-json\/wp\/v2\/users\/1"}],"replies":[{"embeddable":true,"href":"https:\/\/clinicamurillo.com.co\/index.php\/wp-json\/wp\/v2\/comments?post=1293"}],"version-history":[{"count":0,"href":"https:\/\/clinicamurillo.com.co\/index.php\/wp-json\/wp\/v2\/pages\/1293\/revisions"}],"wp:attachment":[{"href":"https:\/\/clinicamurillo.com.co\/index.php\/wp-json\/wp\/v2\/media?parent=1293"}],"curies":[{"name":"wp","href":"https:\/\/api.w.org\/{rel}","templated":true}]}}