{"id":1203,"date":"2023-02-25T15:27:18","date_gmt":"2023-02-25T15:27:18","guid":{"rendered":"https:\/\/clinicamurillo.com.co\/?page_id=1203"},"modified":"2023-02-25T15:37:16","modified_gmt":"2023-02-25T15:37:16","slug":"rse","status":"publish","type":"page","link":"https:\/\/clinicamurillo.com.co\/index.php\/rse\/","title":{"rendered":"RSE"},"content":{"rendered":"\t\t<div data-elementor-type=\"wp-page\" data-elementor-id=\"1203\" class=\"elementor elementor-1203\">\n\t\t\t\t\t\t\t\t\t<section class=\"elementor-section elementor-top-section elementor-element elementor-element-aeae655 elementor-section-boxed elementor-section-height-default elementor-section-height-default\" data-id=\"aeae655\" data-element_type=\"section\" data-settings=\"{&quot;background_background&quot;:&quot;classic&quot;}\">\n\t\t\t\t\t\t<div class=\"elementor-container elementor-column-gap-no\">\n\t\t\t\t\t<div class=\"elementor-column elementor-col-100 elementor-top-column elementor-element elementor-element-3a8945f\" data-id=\"3a8945f\" data-element_type=\"column\">\n\t\t\t<div class=\"elementor-widget-wrap elementor-element-populated\">\n\t\t\t\t\t\t\t\t<div class=\"elementor-element elementor-element-be6c405 elementor-widget elementor-widget-heading\" data-id=\"be6c405\" data-element_type=\"widget\" data-widget_type=\"heading.default\">\n\t\t\t\t<div class=\"elementor-widget-container\">\n\t\t\t<style>\/*! elementor - v3.12.0 - 29-03-2023 *\/\n.elementor-heading-title{padding:0;margin:0;line-height:1}.elementor-widget-heading .elementor-heading-title[class*=elementor-size-]>a{color:inherit;font-size:inherit;line-height:inherit}.elementor-widget-heading .elementor-heading-title.elementor-size-small{font-size:15px}.elementor-widget-heading .elementor-heading-title.elementor-size-medium{font-size:19px}.elementor-widget-heading .elementor-heading-title.elementor-size-large{font-size:29px}.elementor-widget-heading .elementor-heading-title.elementor-size-xl{font-size:39px}.elementor-widget-heading .elementor-heading-title.elementor-size-xxl{font-size:59px}<\/style><h2 class=\"elementor-heading-title elementor-size-default\">RSE<\/h2>\t\t<\/div>\n\t\t\t\t<\/div>\n\t\t\t\t<div class=\"elementor-element elementor-element-ab5d4e8 elementor-widget elementor-widget-text-editor\" data-id=\"ab5d4e8\" data-element_type=\"widget\" data-widget_type=\"text-editor.default\">\n\t\t\t\t<div class=\"elementor-widget-container\">\n\t\t\t<style>\/*! elementor - v3.12.0 - 29-03-2023 *\/\n.elementor-widget-text-editor.elementor-drop-cap-view-stacked .elementor-drop-cap{background-color:#69727d;color:#fff}.elementor-widget-text-editor.elementor-drop-cap-view-framed .elementor-drop-cap{color:#69727d;border:3px solid;background-color:transparent}.elementor-widget-text-editor:not(.elementor-drop-cap-view-default) .elementor-drop-cap{margin-top:8px}.elementor-widget-text-editor:not(.elementor-drop-cap-view-default) .elementor-drop-cap-letter{width:1em;height:1em}.elementor-widget-text-editor .elementor-drop-cap{float:left;text-align:center;line-height:1;font-size:50px}.elementor-widget-text-editor .elementor-drop-cap-letter{display:inline-block}<\/style>\t\t\t\t<h5><span style=\"color: #ffffff;\">Programa de Responsabilidad Social Empresarial<\/span><\/h5>\t\t\t\t\t\t<\/div>\n\t\t\t\t<\/div>\n\t\t\t\t\t<\/div>\n\t\t<\/div>\n\t\t\t\t\t\t\t<\/div>\n\t\t<\/section>\n\t\t\t\t<section class=\"elementor-section elementor-top-section elementor-element elementor-element-bd872fe elementor-section-boxed elementor-section-height-default elementor-section-height-default\" data-id=\"bd872fe\" data-element_type=\"section\" data-settings=\"{&quot;background_background&quot;:&quot;classic&quot;}\">\n\t\t\t\t\t\t\t<div class=\"elementor-background-overlay\"><\/div>\n\t\t\t\t\t\t\t<div class=\"elementor-container elementor-column-gap-no\">\n\t\t\t\t\t<div class=\"elementor-column elementor-col-100 elementor-top-column elementor-element elementor-element-8fb566f\" data-id=\"8fb566f\" data-element_type=\"column\">\n\t\t\t<div class=\"elementor-widget-wrap elementor-element-populated\">\n\t\t\t\t\t\t\t\t<div class=\"elementor-element elementor-element-528fe6c elementor-widget__width-initial elementor-widget-mobile__width-inherit elementor-view-default elementor-vertical-align-top elementor-invisible elementor-widget elementor-widget-icon-box\" data-id=\"528fe6c\" data-element_type=\"widget\" data-settings=\"{&quot;_animation&quot;:&quot;fadeInDown&quot;}\" data-widget_type=\"icon-box.default\">\n\t\t\t\t<div class=\"elementor-widget-container\">\n\t\t\t<link rel=\"stylesheet\" href=\"https:\/\/clinicamurillo.com.co\/wp-content\/plugins\/elementor\/assets\/css\/widget-icon-box.min.css\">\t\t<div class=\"elementor-icon-box-wrapper\">\n\t\t\t\t\t\t<div class=\"elementor-icon-box-content\">\n\t\t\t\t<h5 class=\"elementor-icon-box-title\">\n\t\t\t\t\t<span  >\n\t\t\t\t\t\t\t\t\t\t\t<\/span>\n\t\t\t\t<\/h5>\n\t\t\t\t\t\t\t\t\t<p class=\"elementor-icon-box-description\">\n\t\t\t\t\t\tInverclinicas S.A \u2013 Cl\u00ednica Murillo como instituci\u00f3n prestadora de servicios de salud desde su direccionamiento estrat\u00e9gico es consciente del impacto que la prestaci\u00f3n de sus servicios tiene sobre los diferentes grupos de inter\u00e9s y contribuye activamente con el mejoramiento de su entorno y la comunidad, a trav\u00e9s de su modelo de Sistemas Integrados de Gesti\u00f3n y excelencia en el servicio.\n\nLas Pr\u00e1cticas de responsabilidad Social Empresarial se definieron sobre la base de los siguientes componentes: <br \/><br \/>\n\nCon el fin de dar cumplimiento a la pol\u00edtica de Responsabilidad Social Empresarial se realiz\u00f3 la formulaci\u00f3n de un proyecto llamado \u201cCoraz\u00f3n Azul\u201d el cual tiene como objetivo fortalecer la imagen de Inverclinicas \u2013 Cl\u00ednica Murillo como una empresa que promueve la relaci\u00f3n con sus grupos de inter\u00e9s, las pr\u00e1cticas sociales y medioambientales mejorando la competitividad, sustentabilidad y rentabilidad de la instituci\u00f3n. <br \/><br \/>\n\nSe realiz\u00f3 lanzamiento del programa con actividades dirigidas a la comunidad aleda\u00f1a a la instituci\u00f3n, donde se llevaron a cabo una rumbaterapia, valoraciones nutricionales, valoraciones m\u00e9dicas, capacitaciones de promoci\u00f3n y prevenci\u00f3n, actividades de lavado de manos entre otras. <br \/>\n\nCon el fin de dar a conocer nuestro programa a al personal asistencial y a los pacientes y familiares se realiz\u00f3 una risoterapia.\t\t\t\t\t<\/p>\n\t\t\t\t\t\t\t<\/div>\n\t\t<\/div>\n\t\t\t\t<\/div>\n\t\t\t\t<\/div>\n\t\t\t\t\t<\/div>\n\t\t<\/div>\n\t\t\t\t\t\t\t<\/div>\n\t\t<\/section>\n\t\t\t\t\t\t\t<\/div>\n\t\t","protected":false},"excerpt":{"rendered":"<p>RSE Programa de Responsabilidad Social Empresarial Inverclinicas S.A \u2013 Cl\u00ednica Murillo como instituci\u00f3n prestadora de servicios de salud desde su direccionamiento estrat\u00e9gico es consciente del impacto que la prestaci\u00f3n de sus servicios tiene sobre los diferentes grupos de inter\u00e9s y contribuye activamente con el mejoramiento de su entorno y la comunidad, a trav\u00e9s de su &hellip;<\/p>\n<p class=\"read-more\"> <a class=\"\" href=\"https:\/\/clinicamurillo.com.co\/index.php\/rse\/\"> <span class=\"screen-reader-text\">RSE<\/span> Leer m\u00e1s \u00bb<\/a><\/p>\n","protected":false},"author":1,"featured_media":0,"parent":0,"menu_order":0,"comment_status":"closed","ping_status":"closed","template":"elementor_header_footer","meta":{"_monsterinsights_skip_tracking":false,"_monsterinsights_sitenote_active":false,"_monsterinsights_sitenote_note":"","_monsterinsights_sitenote_category":0,"site-sidebar-layout":"no-sidebar","site-content-layout":"page-builder","ast-global-header-display":"","ast-main-header-display":"","ast-hfb-above-header-display":"","ast-hfb-below-header-display":"","ast-hfb-mobile-header-display":"","site-post-title":"disabled","ast-breadcrumbs-content":"","ast-featured-img":"disabled","footer-sml-layout":"","theme-transparent-header-meta":"","adv-header-id-meta":"","stick-header-meta":"","header-above-stick-meta":"","header-main-stick-meta":"","header-below-stick-meta":"","footnotes":""},"class_list":["post-1203","page","type-page","status-publish","hentry"],"_links":{"self":[{"href":"https:\/\/clinicamurillo.com.co\/index.php\/wp-json\/wp\/v2\/pages\/1203","targetHints":{"allow":["GET"]}}],"collection":[{"href":"https:\/\/clinicamurillo.com.co\/index.php\/wp-json\/wp\/v2\/pages"}],"about":[{"href":"https:\/\/clinicamurillo.com.co\/index.php\/wp-json\/wp\/v2\/types\/page"}],"author":[{"embeddable":true,"href":"https:\/\/clinicamurillo.com.co\/index.php\/wp-json\/wp\/v2\/users\/1"}],"replies":[{"embeddable":true,"href":"https:\/\/clinicamurillo.com.co\/index.php\/wp-json\/wp\/v2\/comments?post=1203"}],"version-history":[{"count":0,"href":"https:\/\/clinicamurillo.com.co\/index.php\/wp-json\/wp\/v2\/pages\/1203\/revisions"}],"wp:attachment":[{"href":"https:\/\/clinicamurillo.com.co\/index.php\/wp-json\/wp\/v2\/media?parent=1203"}],"curies":[{"name":"wp","href":"https:\/\/api.w.org\/{rel}","templated":true}]}}